{"id":11230,"date":"2024-07-23T19:04:36","date_gmt":"2024-07-23T19:04:36","guid":{"rendered":"https:\/\/wheel-boys.com\/a-propos-des-roues\/"},"modified":"2025-04-05T00:38:22","modified_gmt":"2025-04-05T00:38:22","slug":"a-propos-des-roues","status":"publish","type":"page","link":"https:\/\/wheel-boys.com\/fr\/a-propos-des-roues\/","title":{"rendered":"\u00c0 propos des roues"},"content":{"rendered":"<div class=\"wpb-content-wrapper\"><p>[vc_row full_width=&#8221;stretch_row&#8221; full_height=&#8221;yes&#8221; gradient_colors=&#8221;%5B%7B%7D%5D&#8221; css=&#8221;.vc_custom_1743734076076{margin-top: 100px !important;}&#8221;][vc_column width=&#8221;1\/2&#8243;]<header class=\"kd-section-title col-lg-12 text-center    \" ><h1 class=\"separator_off\" >\u00c0 propos des roues<\/h1><\/header>[vc_empty_space][vc_row_inner][vc_column_inner width=&#8221;1\/6&#8243;][\/vc_column_inner][vc_column_inner width=&#8221;2\/3&#8243;][vc_column_text css_animation=&#8221;none&#8221; css=&#8221;&#8221;]<\/p>\n<p style=\"text-align: left;\"><span style=\"color: #000000;\">Les roues font la voiture. La bonne roue donnera de la prestance au v\u00e9hicule Pour les guerriers du week-end qui passent un apr\u00e8s-midi entier \u00e0 d\u00e9tailler leur voiture, qui effectuent leur propre entretien, qui garent leur b\u00e9b\u00e9 sur la place de parking la plus \u00e9loign\u00e9e pour \u00e9viter que d&#8217;autres ne rayent leur voiture, qui se retournent pour jeter un coup d&#8217;\u0153il \u00e0 leur fouet en s&#8217;\u00e9loignant ou qui le garent \u00e0 l&#8217;int\u00e9rieur de leur garage dont l&#8217;humidit\u00e9 et la temp\u00e9rature sont r\u00e9gul\u00e9es, nos roues sont importantes pour nous. Nous voulons les roues les plus propres, les plus \u00e9l\u00e9gantes et souvent les plus rares.   <\/span><\/p>\n<p style=\"text-align: left;\"><span style=\"color: #000000;\">Les gar\u00e7ons apportent constamment de nouveaux stocks pour ceux qui recherchent des am\u00e9liorations ou des remplacements. Nous nous effor\u00e7ons de stocker les meilleures roues de toutes les marques d&#8217;automobiles. Afin d&#8217;\u00eatre comp\u00e9titifs et d&#8217;offrir une gamme de produits plus large, nous proposons des roues d&#8217;occasion, remises \u00e0 neuf, r\u00e9par\u00e9es et neuves. Veuillez lire notre section sur l&#8217;<a style=\"color: #000000;\" href=\"https:\/\/wheel-boys.com\/\/fr\/#conditionnement-roues\"><u>\u00e9tat des roues<\/u><\/a> pour plus de d\u00e9tails sur chacune d&#8217;entre elles.   <\/span><\/p>\n<p>[\/vc_column_text][\/vc_column_inner][vc_column_inner width=&#8221;1\/6&#8243;][\/vc_column_inner][\/vc_row_inner][\/vc_column][vc_column width=&#8221;1\/2&#8243; gradient_colors=&#8221;%5B%7B%7D%5D&#8221; css=&#8221;.vc_custom_1714620145030{padding-top: 300px !important;padding-bottom: 200px !important;background-image: url(https:\/\/wheel-boys.com\/wp-content\/uploads\/2024\/05\/wheel-boys-black-rim-set-tilted-scaled.jpg?id=9670) !important;background-position: center !important;background-repeat: no-repeat !important;background-size: cover !important;}&#8221;][\/vc_column][\/vc_row]<\/p>\n<\/div>","protected":false},"excerpt":{"rendered":"<p>[vc_row full_width=&#8221;stretch_row&#8221; full_height=&#8221;yes&#8221; gradient_colors=&#8221;%5B%7B%7D%5D&#8221; css=&#8221;.vc_custom_1743734076076{margin-top: 100px !important;}&#8221;][vc_column width=&#8221;1\/2&#8243;][vc_empty_space][vc_row_inner][vc_column_inner width=&#8221;1\/6&#8243;][\/vc_column_inner][vc_column_inner width=&#8221;2\/3&#8243;][vc_column_text css_animation=&#8221;none&#8221; css=&#8221;&#8221;] Les roues font la voiture. La bonne roue donnera de la prestance au v\u00e9hicule Pour [&hellip;]<\/p>\n","protected":false},"author":1,"featured_media":0,"parent":0,"menu_order":2,"comment_status":"closed","ping_status":"closed","template":"","meta":{"inline_featured_image":false,"footnotes":""},"class_list":["post-11230","page","type-page","status-publish","hentry"],"yoast_head":"<!-- This site is optimized with the Yoast SEO Premium plugin v26.9 (Yoast SEO v27.3) - https:\/\/yoast.com\/product\/yoast-seo-premium-wordpress\/ -->\n<title>\u00c0 propos des roues - Wheel Boys<\/title>\n<meta name=\"robots\" content=\"index, follow, max-snippet:-1, max-image-preview:large, max-video-preview:-1\" \/>\n<link rel=\"canonical\" href=\"https:\/\/wheel-boys.com\/about-the-wheels\/\" \/>\n<meta property=\"og:locale\" content=\"fr_FR\" \/>\n<meta property=\"og:type\" content=\"article\" \/>\n<meta property=\"og:title\" content=\"\u00c0 propos des roues\" \/>\n<meta property=\"og:description\" content=\"[vc_row full_width=&#8221;stretch_row&#8221; full_height=&#8221;yes&#8221; gradient_colors=&#8221;%5B%7B%7D%5D&#8221; css=&#8221;.vc_custom_1743734076076{margin-top: 100px !important;}&#8221;][vc_column width=&#8221;1\/2&#8243;][vc_empty_space][vc_row_inner][vc_column_inner width=&#8221;1\/6&#8243;][\/vc_column_inner][vc_column_inner width=&#8221;2\/3&#8243;][vc_column_text css_animation=&#8221;none&#8221; css=&#8221;&#8221;] Les roues font la voiture. La bonne roue donnera de la prestance au v\u00e9hicule Pour [&hellip;]\" \/>\n<meta property=\"og:url\" content=\"https:\/\/wheel-boys.com\/about-the-wheels\/\" \/>\n<meta property=\"og:site_name\" content=\"Wheel Boys\" \/>\n<meta property=\"article:modified_time\" content=\"2025-04-05T00:38:22+00:00\" \/>\n<meta name=\"twitter:card\" content=\"summary_large_image\" \/>\n<meta name=\"twitter:label1\" content=\"Dur\u00e9e de lecture estim\u00e9e\" \/>\n\t<meta name=\"twitter:data1\" content=\"2 minutes\" \/>\n<script type=\"application\/ld+json\" class=\"yoast-schema-graph\">{\"@context\":\"https:\\\/\\\/schema.org\",\"@graph\":[{\"@type\":\"WebPage\",\"@id\":\"https:\\\/\\\/wheel-boys.com\\\/about-the-wheels\\\/\",\"url\":\"https:\\\/\\\/wheel-boys.com\\\/about-the-wheels\\\/\",\"name\":\"\u00c0 propos des roues - Wheel Boys\",\"isPartOf\":{\"@id\":\"https:\\\/\\\/wheel-boys.com\\\/#website\"},\"datePublished\":\"2024-07-23T19:04:36+00:00\",\"dateModified\":\"2025-04-05T00:38:22+00:00\",\"breadcrumb\":{\"@id\":\"https:\\\/\\\/wheel-boys.com\\\/about-the-wheels\\\/#breadcrumb\"},\"inLanguage\":\"fr-FR\",\"potentialAction\":[{\"@type\":\"ReadAction\",\"target\":[\"https:\\\/\\\/wheel-boys.com\\\/about-the-wheels\\\/\"]}]},{\"@type\":\"BreadcrumbList\",\"@id\":\"https:\\\/\\\/wheel-boys.com\\\/about-the-wheels\\\/#breadcrumb\",\"itemListElement\":[{\"@type\":\"ListItem\",\"position\":1,\"name\":\"Home\",\"item\":\"https:\\\/\\\/wheel-boys.com\\\/fr\\\/\"},{\"@type\":\"ListItem\",\"position\":2,\"name\":\"\u00c0 propos des roues\"}]},{\"@type\":\"WebSite\",\"@id\":\"https:\\\/\\\/wheel-boys.com\\\/#website\",\"url\":\"https:\\\/\\\/wheel-boys.com\\\/\",\"name\":\"Wheel Boys\",\"description\":\"\",\"publisher\":{\"@id\":\"https:\\\/\\\/wheel-boys.com\\\/#organization\"},\"potentialAction\":[{\"@type\":\"SearchAction\",\"target\":{\"@type\":\"EntryPoint\",\"urlTemplate\":\"https:\\\/\\\/wheel-boys.com\\\/?s={search_term_string}\"},\"query-input\":{\"@type\":\"PropertyValueSpecification\",\"valueRequired\":true,\"valueName\":\"search_term_string\"}}],\"inLanguage\":\"fr-FR\"},{\"@type\":[\"Organization\",\"Place\"],\"@id\":\"https:\\\/\\\/wheel-boys.com\\\/#organization\",\"name\":\"Wheel Boys\",\"url\":\"https:\\\/\\\/wheel-boys.com\\\/\",\"logo\":{\"@id\":\"https:\\\/\\\/wheel-boys.com\\\/about-the-wheels\\\/#local-main-organization-logo\"},\"image\":{\"@id\":\"https:\\\/\\\/wheel-boys.com\\\/about-the-wheels\\\/#local-main-organization-logo\"},\"sameAs\":[\"https:\\\/\\\/www.instagram.com\\\/thewheelboys\\\/\"],\"hasMerchantReturnPolicy\":{\"@type\":\"MerchantReturnPolicy\",\"merchantReturnLink\":\"https:\\\/\\\/wheel-boys.com\\\/terms-and-conditions\\\/\"},\"telephone\":[],\"openingHoursSpecification\":[{\"@type\":\"OpeningHoursSpecification\",\"dayOfWeek\":[\"Monday\",\"Tuesday\",\"Wednesday\",\"Thursday\",\"Friday\",\"Saturday\",\"Sunday\"],\"opens\":\"09:00\",\"closes\":\"17:00\"}]},{\"@type\":\"ImageObject\",\"inLanguage\":\"fr-FR\",\"@id\":\"https:\\\/\\\/wheel-boys.com\\\/about-the-wheels\\\/#local-main-organization-logo\",\"url\":\"https:\\\/\\\/wheel-boys.com\\\/wp-content\\\/uploads\\\/2024\\\/05\\\/Wheel-Boys-logo.png\",\"contentUrl\":\"https:\\\/\\\/wheel-boys.com\\\/wp-content\\\/uploads\\\/2024\\\/05\\\/Wheel-Boys-logo.png\",\"width\":5471,\"height\":3300,\"caption\":\"Wheel Boys\"}]}<\/script>\n<!-- \/ Yoast SEO Premium plugin. -->","yoast_head_json":{"title":"\u00c0 propos des roues - Wheel Boys","robots":{"index":"index","follow":"follow","max-snippet":"max-snippet:-1","max-image-preview":"max-image-preview:large","max-video-preview":"max-video-preview:-1"},"canonical":"https:\/\/wheel-boys.com\/about-the-wheels\/","og_locale":"fr_FR","og_type":"article","og_title":"\u00c0 propos des roues","og_description":"[vc_row full_width=&#8221;stretch_row&#8221; full_height=&#8221;yes&#8221; gradient_colors=&#8221;%5B%7B%7D%5D&#8221; css=&#8221;.vc_custom_1743734076076{margin-top: 100px !important;}&#8221;][vc_column width=&#8221;1\/2&#8243;][vc_empty_space][vc_row_inner][vc_column_inner width=&#8221;1\/6&#8243;][\/vc_column_inner][vc_column_inner width=&#8221;2\/3&#8243;][vc_column_text css_animation=&#8221;none&#8221; css=&#8221;&#8221;] Les roues font la voiture. La bonne roue donnera de la prestance au v\u00e9hicule Pour [&hellip;]","og_url":"https:\/\/wheel-boys.com\/about-the-wheels\/","og_site_name":"Wheel Boys","article_modified_time":"2025-04-05T00:38:22+00:00","twitter_card":"summary_large_image","twitter_misc":{"Dur\u00e9e de lecture estim\u00e9e":"2 minutes"},"schema":{"@context":"https:\/\/schema.org","@graph":[{"@type":"WebPage","@id":"https:\/\/wheel-boys.com\/about-the-wheels\/","url":"https:\/\/wheel-boys.com\/about-the-wheels\/","name":"\u00c0 propos des roues - Wheel Boys","isPartOf":{"@id":"https:\/\/wheel-boys.com\/#website"},"datePublished":"2024-07-23T19:04:36+00:00","dateModified":"2025-04-05T00:38:22+00:00","breadcrumb":{"@id":"https:\/\/wheel-boys.com\/about-the-wheels\/#breadcrumb"},"inLanguage":"fr-FR","potentialAction":[{"@type":"ReadAction","target":["https:\/\/wheel-boys.com\/about-the-wheels\/"]}]},{"@type":"BreadcrumbList","@id":"https:\/\/wheel-boys.com\/about-the-wheels\/#breadcrumb","itemListElement":[{"@type":"ListItem","position":1,"name":"Home","item":"https:\/\/wheel-boys.com\/fr\/"},{"@type":"ListItem","position":2,"name":"\u00c0 propos des roues"}]},{"@type":"WebSite","@id":"https:\/\/wheel-boys.com\/#website","url":"https:\/\/wheel-boys.com\/","name":"Wheel Boys","description":"","publisher":{"@id":"https:\/\/wheel-boys.com\/#organization"},"potentialAction":[{"@type":"SearchAction","target":{"@type":"EntryPoint","urlTemplate":"https:\/\/wheel-boys.com\/?s={search_term_string}"},"query-input":{"@type":"PropertyValueSpecification","valueRequired":true,"valueName":"search_term_string"}}],"inLanguage":"fr-FR"},{"@type":["Organization","Place"],"@id":"https:\/\/wheel-boys.com\/#organization","name":"Wheel Boys","url":"https:\/\/wheel-boys.com\/","logo":{"@id":"https:\/\/wheel-boys.com\/about-the-wheels\/#local-main-organization-logo"},"image":{"@id":"https:\/\/wheel-boys.com\/about-the-wheels\/#local-main-organization-logo"},"sameAs":["https:\/\/www.instagram.com\/thewheelboys\/"],"hasMerchantReturnPolicy":{"@type":"MerchantReturnPolicy","merchantReturnLink":"https:\/\/wheel-boys.com\/terms-and-conditions\/"},"telephone":[],"openingHoursSpecification":[{"@type":"OpeningHoursSpecification","dayOfWeek":["Monday","Tuesday","Wednesday","Thursday","Friday","Saturday","Sunday"],"opens":"09:00","closes":"17:00"}]},{"@type":"ImageObject","inLanguage":"fr-FR","@id":"https:\/\/wheel-boys.com\/about-the-wheels\/#local-main-organization-logo","url":"https:\/\/wheel-boys.com\/wp-content\/uploads\/2024\/05\/Wheel-Boys-logo.png","contentUrl":"https:\/\/wheel-boys.com\/wp-content\/uploads\/2024\/05\/Wheel-Boys-logo.png","width":5471,"height":3300,"caption":"Wheel Boys"}]}},"jetpack_sharing_enabled":true,"_links":{"self":[{"href":"https:\/\/wheel-boys.com\/fr\/wp-json\/wp\/v2\/pages\/11230","targetHints":{"allow":["GET"]}}],"collection":[{"href":"https:\/\/wheel-boys.com\/fr\/wp-json\/wp\/v2\/pages"}],"about":[{"href":"https:\/\/wheel-boys.com\/fr\/wp-json\/wp\/v2\/types\/page"}],"author":[{"embeddable":true,"href":"https:\/\/wheel-boys.com\/fr\/wp-json\/wp\/v2\/users\/1"}],"replies":[{"embeddable":true,"href":"https:\/\/wheel-boys.com\/fr\/wp-json\/wp\/v2\/comments?post=11230"}],"version-history":[{"count":18,"href":"https:\/\/wheel-boys.com\/fr\/wp-json\/wp\/v2\/pages\/11230\/revisions"}],"predecessor-version":[{"id":91815,"href":"https:\/\/wheel-boys.com\/fr\/wp-json\/wp\/v2\/pages\/11230\/revisions\/91815"}],"wp:attachment":[{"href":"https:\/\/wheel-boys.com\/fr\/wp-json\/wp\/v2\/media?parent=11230"}],"curies":[{"name":"wp","href":"https:\/\/api.w.org\/{rel}","templated":true}]}}